{"id":27,"date":"2025-10-03T17:05:42","date_gmt":"2025-10-03T15:05:42","guid":{"rendered":"https:\/\/cda21.fr\/?page_id=27"},"modified":"2025-10-03T17:07:04","modified_gmt":"2025-10-03T15:07:04","slug":"lequipe","status":"publish","type":"page","link":"https:\/\/cda21.fr\/","title":{"rendered":"Le Comit\u00e9 D\u00e9partemental A\u00e9ronautique"},"content":{"rendered":"\n<div class=\"wp-block-columns is-layout-flex wp-container-core-columns-is-layout-28f84493 wp-block-columns-is-layout-flex\">\n<div class=\"wp-block-column is-layout-flow wp-block-column-is-layout-flow\" style=\"flex-basis:100%\">\n<div class=\"wp-block-columns is-layout-flex wp-container-core-columns-is-layout-28f84493 wp-block-columns-is-layout-flex\">\n<div class=\"wp-block-column is-layout-flow wp-block-column-is-layout-flow\">\n<div class=\"wp-block-columns is-layout-flex wp-container-core-columns-is-layout-28f84493 wp-block-columns-is-layout-flex\">\n<div class=\"wp-block-column is-layout-flow wp-block-column-is-layout-flow\"><\/div>\n\n\n\n<div class=\"wp-block-column is-layout-flow wp-block-column-is-layout-flow\"><\/div>\n<\/div>\n<\/div>\n<\/div>\n<\/div>\n<\/div>\n\n\n\n<div class=\"wp-block-group has-global-padding is-layout-constrained wp-container-core-group-is-layout-650790e1 wp-block-group-is-layout-constrained\">\n<h1 class=\"wp-block-heading alignfull has-text-align-center has-x-large-font-size\" style=\"border-style:none;border-width:0px;margin-top:0;margin-right:0;margin-bottom:0;margin-left:0\">Bienvenue sur le site du Comit\u00e9 D\u00e9partemental A\u00e9ronautique de la C\u00f4te d&rsquo;Or.<\/h1>\n\n\n\n<div style=\"height:1.25rem\" aria-hidden=\"true\" class=\"wp-block-spacer\"><\/div>\n\n\n\n<p class=\"has-text-align-center\">Le comit\u00e9 d\u00e9partemental a\u00e9ronautique de la C\u00f4te d&rsquo;Or est une association qui regroupe les 10 a\u00e9roclubs du d\u00e9partement. Son objet est de promouvoir les activit\u00e9s de ses membres r\u00e9pr\u00e9sentant de la F\u00e9d\u00e9ration Fran\u00e7aise A\u00e9ronautique (F.F.A.) et de la F\u00e9d\u00e9ration de vol en planeur (F.F.V.P.).<\/p>\n\n\n\n<p>le CDA 21 promeut \u00e9galement les sports a\u00e9riens par l&rsquo;organisation d&rsquo;\u00e9v\u00e9nements comme des rallyes de pr\u00e9cision, des initiations \u00e0 l&rsquo;Air Navigation Race (ANR) ou le soutient aux pilotes de moins de 25 ans se lan\u00e7ant dans l&rsquo;obtention d&rsquo;un brevet de pilote, d&rsquo;une comp\u00e9tition de rallye ou de voltige a\u00e9rienne.<\/p>\n\n\n\n<p class=\"has-text-align-center\">Le CDA 21 permet aux \u00e9l\u00e8ves des coll\u00e8ges ou des publics soutenus dans le cadre des actions sociales du D\u00e9partement de la C\u00f4te d&rsquo;Or de d\u00e9couvrir le monde de l&rsquo;a\u00e9ronautique par des visites ou des vols de d\u00e9couvertes en avion ou en planeur.<\/p>\n<\/div>\n\n\n\n<div style=\"height:var(--wp--preset--spacing--30)\" aria-hidden=\"true\" class=\"wp-block-spacer\"><\/div>\n\n\n\n<figure class=\"wp-block-image alignwide size-full is-style-rounded is-style-rounded--1\"><img loading=\"lazy\" decoding=\"async\" width=\"1224\" height=\"334\" src=\"http:\/\/cda21.fr\/wp-content\/uploads\/2025\/08\/AccueilCDA21.jpg\" alt=\"\" class=\"wp-image-74\" srcset=\"https:\/\/cda21.fr\/wp-content\/uploads\/2025\/08\/AccueilCDA21.jpg 1224w, https:\/\/cda21.fr\/wp-content\/uploads\/2025\/08\/AccueilCDA21-300x82.jpg 300w, https:\/\/cda21.fr\/wp-content\/uploads\/2025\/08\/AccueilCDA21-1024x279.jpg 1024w, https:\/\/cda21.fr\/wp-content\/uploads\/2025\/08\/AccueilCDA21-768x210.jpg 768w\" sizes=\"auto, (max-width: 1224px) 100vw, 1224px\" \/><\/figure>\n\n\n\n<div class=\"wp-block-group is-vertical is-content-justification-center is-layout-flex wp-container-core-group-is-layout-52b864f0 wp-block-group-is-layout-flex\">\n<h2 class=\"wp-block-heading has-text-align-center is-style-default\">10 A\u00e9roclubs pour vous accueillir<\/h2>\n\n\n\n<div style=\"height:0px\" aria-hidden=\"true\" class=\"wp-block-spacer wp-container-content-4f2ccadb\"><\/div>\n\n\n\n<p class=\"has-text-align-center\">Que vous souhaitiez venir passer un bon moment en famile sur l&rsquo;un des 8 a\u00e9rodromes de la region, vous offrir un vol de d\u00e9couverte, un vol avec instructeur, ou vous lancer dans une formation, les 10 a\u00e9roclubs du d\u00e9partement seront heureux de vous accueillir.<\/p>\n<\/div>\n\n\n\n<div style=\"margin-top:0;margin-bottom:0;height:62px\" aria-hidden=\"true\" class=\"wp-block-spacer\"><\/div>\n\n\n\n<div class=\"wp-block-columns alignwide is-layout-flex wp-container-core-columns-is-layout-d0bbbce0 wp-block-columns-is-layout-flex\">\n<div class=\"wp-block-column is-layout-flow wp-container-core-column-is-layout-e3d1c41b wp-block-column-is-layout-flow\">\n<h3 class=\"wp-block-heading has-text-align-left is-style-default has-body-font-family has-medium-font-size\" style=\"font-style:normal;font-weight:600\">A\u00e9roclub de Beaune<\/h3>\n\n\n\n<figure class=\"wp-block-image size-full\"><img loading=\"lazy\" decoding=\"async\" width=\"800\" height=\"344\" src=\"https:\/\/cda21.fr\/wp-content\/uploads\/2025\/08\/logo-acb.jpg\" alt=\"\" class=\"wp-image-81\" srcset=\"https:\/\/cda21.fr\/wp-content\/uploads\/2025\/08\/logo-acb.jpg 800w, https:\/\/cda21.fr\/wp-content\/uploads\/2025\/08\/logo-acb-300x129.jpg 300w, https:\/\/cda21.fr\/wp-content\/uploads\/2025\/08\/logo-acb-768x330.jpg 768w\" sizes=\"auto, (max-width: 800px) 100vw, 800px\" \/><\/figure>\n\n\n\n<p class=\"has-text-align-left\">Cliquer sur le logo pour acc\u00e9der au site internet du club.<\/p>\n<\/div>\n\n\n\n<div class=\"wp-block-column is-layout-flow wp-container-core-column-is-layout-e3d1c41b wp-block-column-is-layout-flow\">\n<h3 class=\"wp-block-heading has-text-align-left is-style-default has-body-font-family has-medium-font-size\" style=\"font-style:normal;font-weight:600\">A\u00e9roclub de Chatillon Sur Seine<\/h3>\n\n\n\n<figure class=\"wp-block-image size-full\"><img loading=\"lazy\" decoding=\"async\" width=\"800\" height=\"344\" src=\"http:\/\/cda21.fr\/wp-content\/uploads\/2025\/08\/logo-acb.jpg\" alt=\"\" class=\"wp-image-81\" srcset=\"https:\/\/cda21.fr\/wp-content\/uploads\/2025\/08\/logo-acb.jpg 800w, https:\/\/cda21.fr\/wp-content\/uploads\/2025\/08\/logo-acb-300x129.jpg 300w, https:\/\/cda21.fr\/wp-content\/uploads\/2025\/08\/logo-acb-768x330.jpg 768w\" sizes=\"auto, (max-width: 800px) 100vw, 800px\" \/><\/figure>\n\n\n\n<p class=\"has-text-align-left\">Cliquer sur le logo pour acc\u00e9der au site internet du club.<\/p>\n<\/div>\n\n\n\n<div class=\"wp-block-column is-layout-flow wp-container-core-column-is-layout-e3d1c41b wp-block-column-is-layout-flow\">\n<h3 class=\"wp-block-heading has-text-align-left is-style-default has-body-font-family has-medium-font-size\" style=\"font-style:normal;font-weight:600\">A\u00e9roclub de Dijon Darois<\/h3>\n\n\n\n<figure class=\"wp-block-image size-full\"><img loading=\"lazy\" decoding=\"async\" width=\"800\" height=\"344\" src=\"http:\/\/cda21.fr\/wp-content\/uploads\/2025\/08\/logo-acb.jpg\" alt=\"\" class=\"wp-image-81\" srcset=\"https:\/\/cda21.fr\/wp-content\/uploads\/2025\/08\/logo-acb.jpg 800w, https:\/\/cda21.fr\/wp-content\/uploads\/2025\/08\/logo-acb-300x129.jpg 300w, https:\/\/cda21.fr\/wp-content\/uploads\/2025\/08\/logo-acb-768x330.jpg 768w\" sizes=\"auto, (max-width: 800px) 100vw, 800px\" \/><\/figure>\n\n\n\n<p class=\"has-text-align-left\">Cliquer sur le logo pour acc\u00e9der au site internet du club.<\/p>\n<\/div>\n<\/div>\n\n\n\n<div class=\"wp-block-columns alignwide is-layout-flex wp-container-core-columns-is-layout-d0bbbce0 wp-block-columns-is-layout-flex\">\n<div class=\"wp-block-column is-layout-flow wp-container-core-column-is-layout-e3d1c41b wp-block-column-is-layout-flow\">\n<h3 class=\"wp-block-heading has-text-align-left is-style-default has-body-font-family has-medium-font-size\" style=\"font-style:normal;font-weight:600\">A\u00e9roclub de Nuit Saint Georges<\/h3>\n\n\n\n<figure class=\"wp-block-image size-full\"><img loading=\"lazy\" decoding=\"async\" width=\"800\" height=\"344\" src=\"http:\/\/cda21.fr\/wp-content\/uploads\/2025\/08\/logo-acb.jpg\" alt=\"\" class=\"wp-image-81\" srcset=\"https:\/\/cda21.fr\/wp-content\/uploads\/2025\/08\/logo-acb.jpg 800w, https:\/\/cda21.fr\/wp-content\/uploads\/2025\/08\/logo-acb-300x129.jpg 300w, https:\/\/cda21.fr\/wp-content\/uploads\/2025\/08\/logo-acb-768x330.jpg 768w\" sizes=\"auto, (max-width: 800px) 100vw, 800px\" \/><\/figure>\n\n\n\n<p class=\"has-text-align-left\">Cliquer sur le logo pour acc\u00e9der au site internet du club.<\/p>\n<\/div>\n\n\n\n<div class=\"wp-block-column is-layout-flow wp-container-core-column-is-layout-e3d1c41b wp-block-column-is-layout-flow\">\n<h3 class=\"wp-block-heading has-text-align-left is-style-default has-body-font-family has-medium-font-size\" style=\"font-style:normal;font-weight:600\">A\u00e9roclub de Pouilly-Maconge<\/h3>\n\n\n\n<figure class=\"wp-block-image size-full\"><img loading=\"lazy\" decoding=\"async\" width=\"800\" height=\"344\" src=\"http:\/\/cda21.fr\/wp-content\/uploads\/2025\/08\/logo-acb.jpg\" alt=\"\" class=\"wp-image-81\" srcset=\"https:\/\/cda21.fr\/wp-content\/uploads\/2025\/08\/logo-acb.jpg 800w, https:\/\/cda21.fr\/wp-content\/uploads\/2025\/08\/logo-acb-300x129.jpg 300w, https:\/\/cda21.fr\/wp-content\/uploads\/2025\/08\/logo-acb-768x330.jpg 768w\" sizes=\"auto, (max-width: 800px) 100vw, 800px\" \/><\/figure>\n\n\n\n<p class=\"has-text-align-left\">Cliquer sur le logo pour acc\u00e9der au site internet du club.<\/p>\n<\/div>\n\n\n\n<div class=\"wp-block-column is-layout-flow wp-container-core-column-is-layout-e3d1c41b wp-block-column-is-layout-flow\">\n<h3 class=\"wp-block-heading has-text-align-left is-style-default has-body-font-family has-medium-font-size\" style=\"font-style:normal;font-weight:600\">A\u00e9roclub de Saulieu<\/h3>\n\n\n\n<figure class=\"wp-block-image size-full\"><img loading=\"lazy\" decoding=\"async\" width=\"800\" height=\"344\" src=\"http:\/\/cda21.fr\/wp-content\/uploads\/2025\/08\/logo-acb.jpg\" alt=\"\" class=\"wp-image-81\" srcset=\"https:\/\/cda21.fr\/wp-content\/uploads\/2025\/08\/logo-acb.jpg 800w, https:\/\/cda21.fr\/wp-content\/uploads\/2025\/08\/logo-acb-300x129.jpg 300w, https:\/\/cda21.fr\/wp-content\/uploads\/2025\/08\/logo-acb-768x330.jpg 768w\" sizes=\"auto, (max-width: 800px) 100vw, 800px\" \/><\/figure>\n\n\n\n<p class=\"has-text-align-left\">Cliquer sur le logo pour acc\u00e9der au site internet du club.<\/p>\n<\/div>\n<\/div>\n\n\n\n<div class=\"wp-block-columns alignwide is-layout-flex wp-container-core-columns-is-layout-d0bbbce0 wp-block-columns-is-layout-flex\">\n<div class=\"wp-block-column is-layout-flow wp-container-core-column-is-layout-e3d1c41b wp-block-column-is-layout-flow\">\n<h3 class=\"wp-block-heading has-text-align-left is-style-default has-body-font-family has-medium-font-size\" style=\"font-style:normal;font-weight:600\">A\u00e9roclub de Semur en Auxois<\/h3>\n\n\n\n<figure class=\"wp-block-image size-full\"><img loading=\"lazy\" decoding=\"async\" width=\"800\" height=\"344\" src=\"http:\/\/cda21.fr\/wp-content\/uploads\/2025\/08\/logo-acb.jpg\" alt=\"\" class=\"wp-image-81\" srcset=\"https:\/\/cda21.fr\/wp-content\/uploads\/2025\/08\/logo-acb.jpg 800w, https:\/\/cda21.fr\/wp-content\/uploads\/2025\/08\/logo-acb-300x129.jpg 300w, https:\/\/cda21.fr\/wp-content\/uploads\/2025\/08\/logo-acb-768x330.jpg 768w\" sizes=\"auto, (max-width: 800px) 100vw, 800px\" \/><\/figure>\n\n\n\n<p class=\"has-text-align-left\">Cliquer sur le logo pour acc\u00e9der au site internet du club.<\/p>\n<\/div>\n\n\n\n<div class=\"wp-block-column is-layout-flow wp-container-core-column-is-layout-e3d1c41b wp-block-column-is-layout-flow\">\n<h3 class=\"wp-block-heading has-text-align-left is-style-default has-body-font-family has-medium-font-size\" style=\"font-style:normal;font-weight:600\">A\u00e9roclub du Val D&rsquo;Is<\/h3>\n\n\n\n<figure class=\"wp-block-image size-full\"><img loading=\"lazy\" decoding=\"async\" width=\"800\" height=\"344\" src=\"http:\/\/cda21.fr\/wp-content\/uploads\/2025\/08\/logo-acb.jpg\" alt=\"\" class=\"wp-image-81\" srcset=\"https:\/\/cda21.fr\/wp-content\/uploads\/2025\/08\/logo-acb.jpg 800w, https:\/\/cda21.fr\/wp-content\/uploads\/2025\/08\/logo-acb-300x129.jpg 300w, https:\/\/cda21.fr\/wp-content\/uploads\/2025\/08\/logo-acb-768x330.jpg 768w\" sizes=\"auto, (max-width: 800px) 100vw, 800px\" \/><\/figure>\n\n\n\n<p class=\"has-text-align-left\">Cliquer sur le logo pour acc\u00e9der au site internet du club.<\/p>\n<\/div>\n\n\n\n<div class=\"wp-block-column is-layout-flow wp-container-core-column-is-layout-e3d1c41b wp-block-column-is-layout-flow\">\n<h3 class=\"wp-block-heading has-text-align-left is-style-default has-body-font-family has-medium-font-size\" style=\"font-style:normal;font-weight:600\">Dijon Voltige<\/h3>\n\n\n\n<figure class=\"wp-block-image size-full\"><img loading=\"lazy\" decoding=\"async\" width=\"800\" height=\"344\" src=\"http:\/\/cda21.fr\/wp-content\/uploads\/2025\/08\/logo-acb.jpg\" alt=\"\" class=\"wp-image-81\" srcset=\"https:\/\/cda21.fr\/wp-content\/uploads\/2025\/08\/logo-acb.jpg 800w, https:\/\/cda21.fr\/wp-content\/uploads\/2025\/08\/logo-acb-300x129.jpg 300w, https:\/\/cda21.fr\/wp-content\/uploads\/2025\/08\/logo-acb-768x330.jpg 768w\" sizes=\"auto, (max-width: 800px) 100vw, 800px\" \/><\/figure>\n\n\n\n<p class=\"has-text-align-left\">Cliquer sur le logo pour acc\u00e9der au site internet du club.<\/p>\n<\/div>\n<\/div>\n\n\n\n<div class=\"wp-block-columns alignwide is-layout-flex wp-container-core-columns-is-layout-d0bbbce0 wp-block-columns-is-layout-flex\">\n<div class=\"wp-block-column is-layout-flow wp-container-core-column-is-layout-e3d1c41b wp-block-column-is-layout-flow\">\n<h3 class=\"wp-block-heading has-text-align-left is-style-default has-body-font-family has-medium-font-size\" style=\"font-style:normal;font-weight:600\">Dijon-Planeur<\/h3>\n\n\n\n<figure class=\"wp-block-image size-large\"><img loading=\"lazy\" decoding=\"async\" width=\"1024\" height=\"279\" src=\"http:\/\/cda21.fr\/wp-content\/uploads\/2025\/08\/AccueilCDA21-1024x279.jpg\" alt=\"\" class=\"wp-image-74\" srcset=\"https:\/\/cda21.fr\/wp-content\/uploads\/2025\/08\/AccueilCDA21-1024x279.jpg 1024w, https:\/\/cda21.fr\/wp-content\/uploads\/2025\/08\/AccueilCDA21-300x82.jpg 300w, https:\/\/cda21.fr\/wp-content\/uploads\/2025\/08\/AccueilCDA21-768x210.jpg 768w, https:\/\/cda21.fr\/wp-content\/uploads\/2025\/08\/AccueilCDA21.jpg 1224w\" sizes=\"auto, (max-width: 1024px) 100vw, 1024px\" \/><\/figure>\n\n\n\n<p class=\"has-text-align-left\">Cliquer sur le logo pour acc\u00e9der au site internet du club.<\/p>\n<\/div>\n\n\n\n<div class=\"wp-block-column is-layout-flow wp-container-core-column-is-layout-e3d1c41b wp-block-column-is-layout-flow\">\n<p class=\"has-text-align-left\"><\/p>\n\n\n\n<p class=\"has-text-align-left\"><\/p>\n<\/div>\n\n\n\n<div class=\"wp-block-column is-layout-flow wp-container-core-column-is-layout-e3d1c41b wp-block-column-is-layout-flow\">\n<p class=\"has-text-align-left\"><\/p>\n\n\n\n<p class=\"has-text-align-left\"><\/p>\n<\/div>\n<\/div>\n\n\n\n<div class=\"wp-block-group alignfull has-global-padding is-layout-constrained wp-container-core-group-is-layout-d89aad35 wp-block-group-is-layout-constrained\" style=\"margin-top:0;margin-bottom:0;padding-top:var(--wp--preset--spacing--50);padding-right:var(--wp--preset--spacing--50);padding-bottom:var(--wp--preset--spacing--50);padding-left:var(--wp--preset--spacing--50)\">\n<div class=\"wp-block-group alignwide has-global-padding is-layout-constrained wp-container-core-group-is-layout-19e250f3 wp-block-group-is-layout-constrained\">\n<div class=\"wp-block-group is-vertical is-content-justification-center is-layout-flex wp-container-core-group-is-layout-6329a8f3 wp-block-group-is-layout-flex\">\n<h2 class=\"wp-block-heading has-text-align-center is-style-asterisk\">Promotion de l&rsquo;aviation<\/h2>\n\n\n\n<p class=\"has-text-align-center\">Our comprehensive suite of professional services caters to a diverse clientele, ranging from homeowners to commercial developers.<\/p>\n<\/div>\n\n\n\n<div style=\"height:var(--wp--preset--spacing--40)\" aria-hidden=\"true\" class=\"wp-block-spacer\"><\/div>\n\n\n\n<div class=\"wp-block-columns alignwide is-layout-flex wp-container-core-columns-is-layout-d1c656ed wp-block-columns-is-layout-flex\">\n<div class=\"wp-block-column is-vertically-aligned-center is-layout-flow wp-block-column-is-layout-flow\" style=\"flex-basis:40%\">\n<h3 class=\"wp-block-heading\">Promotion de l&rsquo;a\u00e9ronautiques<\/h3>\n\n\n\n<ul style=\"line-height:1.75\" class=\"wp-block-list is-style-checkmark-list\">\n<li>Participation aux BIA (Brevet Initiation A\u00e9ronuatique)<\/li>\n\n\n\n<li>Vols de D\u00e9couvertes pour les coll\u00e9giens <\/li>\n\n\n\n<li>Actions de d\u00e9couvertes de l&rsquo;a\u00e9ronautique aupr\u00e8s de publics d\u00e9favoris\u00e9s<\/li>\n<\/ul>\n<\/div>\n\n\n\n<div class=\"wp-block-column is-layout-flow wp-block-column-is-layout-flow\" style=\"flex-basis:50%\">\n<figure class=\"wp-block-image alignright size-large is-resized is-style-rounded is-style-rounded--2\"><img loading=\"lazy\" decoding=\"async\" width=\"1024\" height=\"1024\" src=\"https:\/\/cda21.fr\/wp-content\/uploads\/2025\/08\/WhatsApp-Image-2025-07-12-at-14.15.32-1024x1024.jpeg\" alt=\"\" class=\"wp-image-28\" style=\"width:439px;height:auto\" srcset=\"https:\/\/cda21.fr\/wp-content\/uploads\/2025\/08\/WhatsApp-Image-2025-07-12-at-14.15.32-1024x1024.jpeg 1024w, https:\/\/cda21.fr\/wp-content\/uploads\/2025\/08\/WhatsApp-Image-2025-07-12-at-14.15.32-300x300.jpeg 300w, https:\/\/cda21.fr\/wp-content\/uploads\/2025\/08\/WhatsApp-Image-2025-07-12-at-14.15.32-150x150.jpeg 150w, https:\/\/cda21.fr\/wp-content\/uploads\/2025\/08\/WhatsApp-Image-2025-07-12-at-14.15.32-768x768.jpeg 768w, https:\/\/cda21.fr\/wp-content\/uploads\/2025\/08\/WhatsApp-Image-2025-07-12-at-14.15.32.jpeg 1496w\" sizes=\"auto, (max-width: 1024px) 100vw, 1024px\" \/><\/figure>\n<\/div>\n<\/div>\n\n\n\n<div style=\"height:var(--wp--preset--spacing--40)\" aria-hidden=\"true\" class=\"wp-block-spacer\"><\/div>\n\n\n\n<div class=\"wp-block-columns alignwide is-layout-flex wp-container-core-columns-is-layout-d1c656ed wp-block-columns-is-layout-flex\">\n<div class=\"wp-block-column is-layout-flow wp-block-column-is-layout-flow\" style=\"flex-basis:50%\">\n<figure class=\"wp-block-image size-large is-style-rounded is-style-rounded--3\"><img decoding=\"async\" src=\"https:\/\/cda21.fr\/wp-content\/themes\/twentytwentyfour\/assets\/images\/windows.webp\" alt=\"Windows of a building in Nuremberg, Germany\"\/><\/figure>\n<\/div>\n\n\n\n<div class=\"wp-block-column is-vertically-aligned-center is-layout-flow wp-block-column-is-layout-flow\" style=\"flex-basis:40%\">\n<h3 class=\"wp-block-heading is-style-asterisk\">\u00c9tudes Newsletter<\/h3>\n\n\n\n<ul style=\"line-height:1.75\" class=\"wp-block-list is-style-checkmark-list\">\n<li>A world of thought-provoking articles.<\/li>\n\n\n\n<li>Case studies that celebrate architecture.<\/li>\n\n\n\n<li>Exclusive access to design insights.<\/li>\n<\/ul>\n<\/div>\n<\/div>\n<\/div>\n<\/div>\n\n\n\n<div class=\"wp-block-group alignfull has-global-padding is-layout-constrained wp-container-core-group-is-layout-d89aad35 wp-block-group-is-layout-constrained\" style=\"margin-top:0;margin-bottom:0;padding-top:var(--wp--preset--spacing--50);padding-right:var(--wp--preset--spacing--50);padding-bottom:var(--wp--preset--spacing--50);padding-left:var(--wp--preset--spacing--50)\">\n<div class=\"wp-block-group alignwide is-layout-flow wp-container-core-group-is-layout-a77db08e wp-block-group-is-layout-flow\">\n<div class=\"wp-block-group is-vertical is-content-justification-center is-layout-flex wp-container-core-group-is-layout-6329a8f3 wp-block-group-is-layout-flex\">\n<h2 class=\"wp-block-heading has-text-align-center is-style-default\">Des actions sportives<\/h2>\n\n\n\n<p class=\"has-text-align-center\">Notre suite compl\u00e8te de services professionnels s\u2019adresse \u00e0 une client\u00e8le diversifi\u00e9e, allant des propri\u00e9taires au d\u00e9veloppeurs commerciaux.<\/p>\n<\/div>\n\n\n\n<div style=\"height:var(--wp--preset--spacing--40)\" aria-hidden=\"true\" class=\"wp-block-spacer\"><\/div>\n\n\n\n<div class=\"wp-block-columns alignwide is-layout-flex wp-container-core-columns-is-layout-d1c656ed wp-block-columns-is-layout-flex\">\n<div class=\"wp-block-column is-vertically-aligned-center is-layout-flow wp-block-column-is-layout-flow\" style=\"flex-basis:40%\">\n<h3 class=\"wp-block-heading is-style-default\">Air  Navigation Race<\/h3>\n\n\n\n<ul style=\"line-height:1.75\" class=\"wp-block-list is-style-checkmark-list\">\n<li>Collaborez avec d\u2019autres architectes.<\/li>\n\n\n\n<li>Pr\u00e9sentez vos projets.<\/li>\n\n\n\n<li>D\u00e9couvrez le monde de l\u2019architecture.<\/li>\n<\/ul>\n<\/div>\n\n\n\n<div class=\"wp-block-column is-layout-flow wp-block-column-is-layout-flow\" style=\"flex-basis:50%\">\n<figure class=\"wp-block-image size-full is-style-rounded is-style-rounded--4\"><img loading=\"lazy\" decoding=\"async\" width=\"220\" height=\"198\" src=\"http:\/\/cda21.fr\/wp-content\/uploads\/2025\/08\/nav.jpg\" alt=\"\" class=\"wp-image-105\"\/><\/figure>\n<\/div>\n<\/div>\n\n\n\n<div style=\"height:var(--wp--preset--spacing--40)\" aria-hidden=\"true\" class=\"wp-block-spacer\"><\/div>\n\n\n\n<div class=\"wp-block-columns alignwide is-layout-flex wp-container-core-columns-is-layout-d1c656ed wp-block-columns-is-layout-flex\">\n<div class=\"wp-block-column is-layout-flow wp-block-column-is-layout-flow\" style=\"flex-basis:50%\">\n<figure class=\"wp-block-image size-full is-style-rounded is-style-rounded--5\"><img loading=\"lazy\" decoding=\"async\" width=\"220\" height=\"198\" src=\"http:\/\/cda21.fr\/wp-content\/uploads\/2025\/08\/nav.jpg\" alt=\"\" class=\"wp-image-105\"\/><\/figure>\n<\/div>\n\n\n\n<div class=\"wp-block-column is-vertically-aligned-center is-layout-flow wp-block-column-is-layout-flow\" style=\"flex-basis:40%\">\n<h3 class=\"wp-block-heading is-style-default\">Rallye a\u00e9rien<\/h3>\n\n\n\n<ul style=\"line-height:1.75\" class=\"wp-block-list is-style-checkmark-list\">\n<li>Un monde d\u2019articles stimulants.<\/li>\n\n\n\n<li>\u00c9tudes de cas qui c\u00e9l\u00e8brent l\u2019architecture.<\/li>\n\n\n\n<li>Acc\u00e8s exclusif aux connaissances en design.<\/li>\n<\/ul>\n<\/div>\n<\/div>\n\n\n\n<div style=\"height:var(--wp--preset--spacing--40)\" aria-hidden=\"true\" class=\"wp-block-spacer\"><\/div>\n\n\n\n<div class=\"wp-block-columns alignwide is-layout-flex wp-container-core-columns-is-layout-d1c656ed wp-block-columns-is-layout-flex\">\n<div class=\"wp-block-column is-vertically-aligned-center is-layout-flow wp-block-column-is-layout-flow\" style=\"flex-basis:40%\">\n<h3 class=\"wp-block-heading is-style-default\">Air Race Navigation<\/h3>\n\n\n\n<ul style=\"line-height:1.75\" class=\"wp-block-list is-style-checkmark-list\">\n<li>Collaborez avec d\u2019autres architectes.<\/li>\n\n\n\n<li>Pr\u00e9sentez vos projets.<\/li>\n\n\n\n<li>D\u00e9couvrez le monde de l\u2019architecture.<\/li>\n<\/ul>\n<\/div>\n\n\n\n<div class=\"wp-block-column is-layout-flow wp-block-column-is-layout-flow\" style=\"flex-basis:50%\">\n<figure class=\"wp-block-image size-full is-style-rounded is-style-rounded--6\"><img loading=\"lazy\" decoding=\"async\" width=\"500\" height=\"245\" src=\"http:\/\/cda21.fr\/wp-content\/uploads\/2025\/08\/Aura-Dijon-Voltige.webp\" alt=\"\" class=\"wp-image-89\" srcset=\"https:\/\/cda21.fr\/wp-content\/uploads\/2025\/08\/Aura-Dijon-Voltige.webp 500w, https:\/\/cda21.fr\/wp-content\/uploads\/2025\/08\/Aura-Dijon-Voltige-300x147.webp 300w\" sizes=\"auto, (max-width: 500px) 100vw, 500px\" \/><\/figure>\n<\/div>\n<\/div>\n<\/div>\n<\/div>\n\n\n\n<div class=\"wp-block-group alignfull has-global-padding is-layout-constrained wp-container-core-group-is-layout-d89aad35 wp-block-group-is-layout-constrained\" style=\"margin-top:0;margin-bottom:0;padding-top:var(--wp--preset--spacing--50);padding-right:var(--wp--preset--spacing--50);padding-bottom:var(--wp--preset--spacing--50);padding-left:var(--wp--preset--spacing--50)\">\n<h2 class=\"wp-block-heading alignwide has-text-align-center has-x-large-font-size\" style=\"margin-top:0;margin-bottom:var(--wp--preset--spacing--40);line-height:1\">Informations, Ev\u00e8nements a venir.<\/h2>\n\n\n\n<div class=\"wp-block-group alignwide has-global-padding is-layout-constrained wp-block-group-is-layout-constrained\">\n<div class=\"wp-block-query alignwide is-layout-flow wp-block-query-is-layout-flow\">\n\n\n<div style=\"height:var(--wp--preset--spacing--30)\" aria-hidden=\"true\" class=\"wp-block-spacer\"><\/div>\n\n\n\n\n<div class=\"wp-block-query-no-results\">\n\n<p><\/p>\n\n<\/div><\/div>\n<\/div>\n<\/div>\n","protected":false},"excerpt":{"rendered":"<p>Bienvenue sur le site du Comit\u00e9 D\u00e9partemental A\u00e9ronautique de la C\u00f4te d&rsquo;Or. Le comit\u00e9 d\u00e9partemental a\u00e9ronautique de la C\u00f4te d&rsquo;Or est une association qui regroupe les 10 a\u00e9roclubs du d\u00e9partement. Son objet est de promouvoir les activit\u00e9s de ses membres r\u00e9pr\u00e9sentant de la F\u00e9d\u00e9ration Fran\u00e7aise A\u00e9ronautique (F.F.A.) et de la F\u00e9d\u00e9ration de vol en planeur [&hellip;]<\/p>\n","protected":false},"author":2,"featured_media":85,"parent":0,"menu_order":0,"comment_status":"closed","ping_status":"closed","template":"","meta":{"footnotes":""},"class_list":["post-27","page","type-page","status-publish","has-post-thumbnail","hentry"],"_links":{"self":[{"href":"https:\/\/cda21.fr\/index.php\/wp-json\/wp\/v2\/pages\/27","targetHints":{"allow":["GET"]}}],"collection":[{"href":"https:\/\/cda21.fr\/index.php\/wp-json\/wp\/v2\/pages"}],"about":[{"href":"https:\/\/cda21.fr\/index.php\/wp-json\/wp\/v2\/types\/page"}],"author":[{"embeddable":true,"href":"https:\/\/cda21.fr\/index.php\/wp-json\/wp\/v2\/users\/2"}],"replies":[{"embeddable":true,"href":"https:\/\/cda21.fr\/index.php\/wp-json\/wp\/v2\/comments?post=27"}],"version-history":[{"count":16,"href":"https:\/\/cda21.fr\/index.php\/wp-json\/wp\/v2\/pages\/27\/revisions"}],"predecessor-version":[{"id":172,"href":"https:\/\/cda21.fr\/index.php\/wp-json\/wp\/v2\/pages\/27\/revisions\/172"}],"wp:featuredmedia":[{"embeddable":true,"href":"https:\/\/cda21.fr\/index.php\/wp-json\/wp\/v2\/media\/85"}],"wp:attachment":[{"href":"https:\/\/cda21.fr\/index.php\/wp-json\/wp\/v2\/media?parent=27"}],"curies":[{"name":"wp","href":"https:\/\/api.w.org\/{rel}","templated":true}]}}