{"id":44,"date":"2025-08-25T18:04:27","date_gmt":"2025-08-25T16:04:27","guid":{"rendered":"https:\/\/cda21.fr\/?page_id=44"},"modified":"2025-08-25T22:00:38","modified_gmt":"2025-08-25T20:00:38","slug":"les-clubs-de-la-cote-dor","status":"publish","type":"page","link":"https:\/\/cda21.fr\/index.php\/les-clubs-de-la-cote-dor\/","title":{"rendered":"Les clubs de la C\u00f4te d&rsquo;Or"},"content":{"rendered":"\n<div class=\"wp-block-group alignfull has-global-padding is-layout-constrained wp-container-core-group-is-layout-490fa1db wp-block-group-is-layout-constrained\" style=\"padding-top:var(--wp--preset--spacing--50);padding-right:var(--wp--preset--spacing--50);padding-bottom:var(--wp--preset--spacing--50);padding-left:var(--wp--preset--spacing--50)\">\n<div class=\"wp-block-group has-global-padding is-layout-constrained wp-container-core-group-is-layout-650790e1 wp-block-group-is-layout-constrained\">\n<h1 class=\"wp-block-heading has-text-align-center has-x-large-font-size\">En cours de construction<\/h1>\n\n\n\n<div style=\"height:0px\" aria-hidden=\"true\" class=\"wp-block-spacer\"><\/div>\n\n\n\n<p class=\"has-text-align-center\">que vous voulier faire un simple vol de d\u00e9couverte ou apprendere \u00e0 piloter nos a\u00e9roclubs vous accueillerons pour vous partager une exp\u00e9rience a\u00e9ronautique.<\/p>\n\n\n\n<div style=\"height:1.25rem\" aria-hidden=\"true\" class=\"wp-block-spacer\"><\/div>\n\n\n\n<div class=\"wp-block-buttons is-content-justification-center is-layout-flex wp-container-core-buttons-is-layout-a89b3969 wp-block-buttons-is-layout-flex\">\n<div class=\"wp-block-button\"><a class=\"wp-block-button__link wp-element-button\" href=\"https:\/\/cda21.fr\/\">About us<\/a><\/div>\n<\/div>\n<\/div>\n\n\n\n<div style=\"height:var(--wp--preset--spacing--30)\" aria-hidden=\"true\" class=\"wp-block-spacer\"><\/div>\n\n\n\n<figure class=\"wp-block-image alignwide size-full is-style-rounded is-style-rounded--1\"><img loading=\"lazy\" decoding=\"async\" width=\"500\" height=\"334\" src=\"http:\/\/cda21.fr\/wp-content\/uploads\/2025\/08\/DR-400-BB.webp\" alt=\"\" class=\"wp-image-85\" srcset=\"https:\/\/cda21.fr\/wp-content\/uploads\/2025\/08\/DR-400-BB.webp 500w, https:\/\/cda21.fr\/wp-content\/uploads\/2025\/08\/DR-400-BB-300x200.webp 300w\" sizes=\"auto, (max-width: 500px) 100vw, 500px\" \/><\/figure>\n<\/div>\n\n\n\n<p><\/p>\n","protected":false},"excerpt":{"rendered":"<p>En cours de construction que vous voulier faire un simple vol de d\u00e9couverte ou apprendere \u00e0 piloter nos a\u00e9roclubs vous accueillerons pour vous partager une exp\u00e9rience a\u00e9ronautique.<\/p>\n","protected":false},"author":1,"featured_media":0,"parent":0,"menu_order":0,"comment_status":"closed","ping_status":"closed","template":"","meta":{"footnotes":""},"class_list":["post-44","page","type-page","status-publish","hentry"],"_links":{"self":[{"href":"https:\/\/cda21.fr\/index.php\/wp-json\/wp\/v2\/pages\/44","targetHints":{"allow":["GET"]}}],"collection":[{"href":"https:\/\/cda21.fr\/index.php\/wp-json\/wp\/v2\/pages"}],"about":[{"href":"https:\/\/cda21.fr\/index.php\/wp-json\/wp\/v2\/types\/page"}],"author":[{"embeddable":true,"href":"https:\/\/cda21.fr\/index.php\/wp-json\/wp\/v2\/users\/1"}],"replies":[{"embeddable":true,"href":"https:\/\/cda21.fr\/index.php\/wp-json\/wp\/v2\/comments?post=44"}],"version-history":[{"count":6,"href":"https:\/\/cda21.fr\/index.php\/wp-json\/wp\/v2\/pages\/44\/revisions"}],"predecessor-version":[{"id":122,"href":"https:\/\/cda21.fr\/index.php\/wp-json\/wp\/v2\/pages\/44\/revisions\/122"}],"wp:attachment":[{"href":"https:\/\/cda21.fr\/index.php\/wp-json\/wp\/v2\/media?parent=44"}],"curies":[{"name":"wp","href":"https:\/\/api.w.org\/{rel}","templated":true}]}}